{"id":2,"date":"2022-09-21T12:57:23","date_gmt":"2022-09-21T10:57:23","guid":{"rendered":"http:\/\/localhost:8888\/blog\/?page_id=2"},"modified":"2023-05-30T13:52:16","modified_gmt":"2023-05-30T11:52:16","slug":"page-d-exemple","status":"publish","type":"page","link":"https:\/\/jib-occasion.com\/blog\/","title":{"rendered":"JIB OCCASION &#8211; Le blog"},"content":{"rendered":"\n<p>Un \u00e9quipement \u00e0 vendre ? Venez d\u00e9poser votre annonce sur le site JIB-Occasion, le bon coin du handicap <a href=\"https:\/\/jib-occasion.com\" data-type=\"URL\" data-id=\"https:\/\/jib-occasion.com\">en cliquant ici.<\/a><\/p>\n\n\n\n<div class=\"wp-container-1 wp-block-group alignfull ticss-f3ae864a\"><div class=\"wp-block-group__inner-container\"><\/div><\/div>\n","protected":false},"excerpt":{"rendered":"<p>Un \u00e9quipement \u00e0 vendre ? Venez d\u00e9poser votre annonce sur le site JIB-Occasion, le bon coin du handicap en cliquant ici.<\/p>\n","protected":false},"author":1,"featured_media":0,"parent":0,"menu_order":0,"comment_status":"closed","ping_status":"open","template":"","meta":{"_themeisle_gutenberg_block_has_review":false},"_links":{"self":[{"href":"https:\/\/jib-occasion.com\/blog\/wp-json\/wp\/v2\/pages\/2"}],"collection":[{"href":"https:\/\/jib-occasion.com\/blog\/wp-json\/wp\/v2\/pages"}],"about":[{"href":"https:\/\/jib-occasion.com\/blog\/wp-json\/wp\/v2\/types\/page"}],"author":[{"embeddable":true,"href":"https:\/\/jib-occasion.com\/blog\/wp-json\/wp\/v2\/users\/1"}],"replies":[{"embeddable":true,"href":"https:\/\/jib-occasion.com\/blog\/wp-json\/wp\/v2\/comments?post=2"}],"version-history":[{"count":10,"href":"https:\/\/jib-occasion.com\/blog\/wp-json\/wp\/v2\/pages\/2\/revisions"}],"predecessor-version":[{"id":507,"href":"https:\/\/jib-occasion.com\/blog\/wp-json\/wp\/v2\/pages\/2\/revisions\/507"}],"wp:attachment":[{"href":"https:\/\/jib-occasion.com\/blog\/wp-json\/wp\/v2\/media?parent=2"}],"curies":[{"name":"wp","href":"https:\/\/api.w.org\/{rel}","templated":true}]}}