{"id":152,"date":"2022-09-30T14:27:15","date_gmt":"2022-09-30T12:27:15","guid":{"rendered":"http:\/\/localhost:8888\/blog\/?page_id=152"},"modified":"2022-09-30T15:07:29","modified_gmt":"2022-09-30T13:07:29","slug":"mentions-legale","status":"publish","type":"page","link":"https:\/\/jib-occasion.com\/blog\/mentions-legale\/","title":{"rendered":"Mentions l\u00e9gale"},"content":{"rendered":"\n<div id=\"wp-block-themeisle-blocks-advanced-columns-3a1c2a15\" class=\"wp-block-themeisle-blocks-advanced-columns has-1-columns has-desktop-equal-layout has-tablet-equal-layout has-mobile-equal-layout has-vertical-unset\"><div class=\"wp-block-themeisle-blocks-advanced-columns-overlay\"><\/div><div class=\"innerblocks-wrap\">\n<div id=\"wp-block-themeisle-blocks-advanced-column-bf19cc45\" class=\"wp-block-themeisle-blocks-advanced-column\">\n<h2><\/h2>\n\n\n\n<p>Ce site est la propri\u00e9t\u00e9 de : JIB Smart Home SAS<\/p>\n\n\n\n<p>SIREN : 837 888 403<\/p>\n\n\n\n<p>D\u00e9claration CNIL n\u00b0 <strong>1143744<\/strong><\/p>\n\n\n\n<p>Toutes copies ou reproductions peuvent \u00eatre poursuivi p\u00e9nalement.<\/p>\n\n\n\n<p>###################<\/p>\n\n\n\n<p><strong>Droits d&rsquo;auteurs :<\/strong><\/p>\n\n\n\n<p>Tous informations, documents et images de ce site sont prot\u00e9g\u00e9s par les lois sur les droits d&rsquo;auteur et \/ou la propri\u00e9t\u00e9 intellectuelle. Toute utilisation non-autoris\u00e9e de ceux-ci peut constituer une violation de ces lois. Aucune partie des informations et documents du site ne peut \u00eatre reproduite sous quelque forme que ce soit et par quelque moyen que ce soit sans autorisation \u00e9crite pr\u00e9alable de notre part.<\/p>\n\n\n\n<p><strong>Informatique et libert\u00e9s :<\/strong><\/p>\n\n\n\n<p>Conform\u00e9ment \u00e0 la loi n\u00b078-17 du 6 janvier 1978, dite loi informatique et libert\u00e9, aucune information saisie ne sera divulgu\u00e9e \u00e0 un tiers sans autorisation.Vous disposez \u00e9galement d&rsquo;un droit d&rsquo;acc\u00e8s, de modification, de rectification et de suppression des donn\u00e9es nominatives vous concernant. Pour exercer ce droit, vous pouvez nous contacter via notre formulaire de contact.<\/p>\n\n\n\n<p><strong>Responsabilit\u00e9 :<\/strong> En aucun cas JIB Smart Home SAS ne peut \u00eatre tenu responsable si le v\u00e9hicule ou appareillage n&rsquo;est pas conforme \u00e0 celui propos\u00e9 dans les annonces. JIB Smart Home SAS d\u00e9cline toute responsabilit\u00e9 quand aux \u00e9ventuelles arnaques dont laquelle l&rsquo;utilisateur pourrait \u00eatre confront\u00e9 <em>jib-occasion.com<\/em> n&rsquo;intervient en aucun cas dans les transactions.<\/p>\n\n\n\n<p>###################<\/p>\n\n\n\n<p><a href=\"https:\/\/jib-occasion.com\/contact.php\" data-type=\"URL\" data-id=\"https:\/\/jib-occasion.com\/contact.php\">Contactez nous<\/a><\/p>\n\n\n\n<p>Ce site est h\u00e9berg\u00e9 par :<\/p>\n\n\n\n<p>OVH<\/p>\n\n\n\n<p>2 RUE KELLERMANN &#8211; 59100 ROUBAIX &#8211; FRANCE<\/p>\n<\/div>\n<\/div><\/div>\n","protected":false},"excerpt":{"rendered":"","protected":false},"author":1,"featured_media":0,"parent":0,"menu_order":0,"comment_status":"closed","ping_status":"closed","template":"","meta":{"_themeisle_gutenberg_block_has_review":false},"_links":{"self":[{"href":"https:\/\/jib-occasion.com\/blog\/wp-json\/wp\/v2\/pages\/152"}],"collection":[{"href":"https:\/\/jib-occasion.com\/blog\/wp-json\/wp\/v2\/pages"}],"about":[{"href":"https:\/\/jib-occasion.com\/blog\/wp-json\/wp\/v2\/types\/page"}],"author":[{"embeddable":true,"href":"https:\/\/jib-occasion.com\/blog\/wp-json\/wp\/v2\/users\/1"}],"replies":[{"embeddable":true,"href":"https:\/\/jib-occasion.com\/blog\/wp-json\/wp\/v2\/comments?post=152"}],"version-history":[{"count":0,"href":"https:\/\/jib-occasion.com\/blog\/wp-json\/wp\/v2\/pages\/152\/revisions"}],"wp:attachment":[{"href":"https:\/\/jib-occasion.com\/blog\/wp-json\/wp\/v2\/media?parent=152"}],"curies":[{"name":"wp","href":"https:\/\/api.w.org\/{rel}","templated":true}]}}